{"id":294,"date":"2016-01-11T15:43:48","date_gmt":"2016-01-11T15:43:48","guid":{"rendered":"https:\/\/www.mactv.co.uk\/gd\/?page_id=294"},"modified":"2017-12-13T12:52:27","modified_gmt":"2017-12-13T12:52:27","slug":"facilities","status":"publish","type":"page","link":"https:\/\/www.mactv.co.uk\/gd\/facilities\/","title":{"rendered":"Goireasan"},"content":{"rendered":"<h2><a href=\"https:\/\/www.mactv.co.uk\/wp-content\/uploads\/2016\/09\/Edit-2-MacTV.jpg\"><img loading=\"lazy\" decoding=\"async\" class=\"alignright size-medium wp-image-556\" src=\"https:\/\/www.mactv.co.uk\/wp-content\/uploads\/2016\/09\/Edit-2-MacTV-538x360.jpg\" alt=\"edit-2-mactv\" width=\"538\" height=\"360\" srcset=\"https:\/\/www.mactv.co.uk\/wp-content\/uploads\/2016\/09\/Edit-2-MacTV-538x360.jpg 538w, https:\/\/www.mactv.co.uk\/wp-content\/uploads\/2016\/09\/Edit-2-MacTV-768x514.jpg 768w, https:\/\/www.mactv.co.uk\/wp-content\/uploads\/2016\/09\/Edit-2-MacTV-1076x720.jpg 1076w\" sizes=\"auto, (max-width: 538px) 100vw, 538px\" \/><\/a>Se\u00f2mraichean Gearraidh<\/h2>\n<p>Tha gach se\u00f2mar gearraidh air a cheangal ri ch\u00e8ile le Editshare, agus ri inneal Digibeta agus inneal HD aig a bheil comas cl\u00e0raidh. Tha siostam FPA Harding agus Adobe Creative Cloud againn cuideachd.<\/p>\n<h3>Se\u00f2mar Gearraidh 1<\/h3>\n<p><span lang=\"EN-US\">AVID media Composer 8.8 with Boris ContinuumAVX 9.0<\/span><\/p>\n<h3>Se\u00f2mar Gearraidh 2<\/h3>\n<p><span lang=\"EN-US\">AVID media Composer 8.8 with Boris ContinuumAVX 9.0<\/span><\/p>\n<h3>Se\u00f2mar Gearraidh 3<\/h3>\n<p><span lang=\"EN-US\">AVID media Composer 8.8 with Boris ContinuumAVX 9.0<\/span><\/p>\n<p style=\"clear: both;\">&nbsp;<\/p>\n<h2><a href=\"https:\/\/www.mactv.co.uk\/wp-content\/uploads\/2016\/09\/IMG_3754.jpg\"><img loading=\"lazy\" decoding=\"async\" class=\"alignright size-medium wp-image-560\" src=\"https:\/\/www.mactv.co.uk\/wp-content\/uploads\/2016\/09\/IMG_3754-480x360.jpg\" alt=\"img_3754\" width=\"480\" height=\"360\" srcset=\"https:\/\/www.mactv.co.uk\/wp-content\/uploads\/2016\/09\/IMG_3754-480x360.jpg 480w, https:\/\/www.mactv.co.uk\/wp-content\/uploads\/2016\/09\/IMG_3754-768x576.jpg 768w, https:\/\/www.mactv.co.uk\/wp-content\/uploads\/2016\/09\/IMG_3754-960x720.jpg 960w\" sizes=\"auto, (max-width: 480px) 100vw, 480px\" \/><\/a>Goireasan Camara<\/h2>\n<div id=\"yui_3_16_0_ym19_1_1513156347974_30691\">2 X Canon C300 Cameras<\/div>\n<div id=\"yui_3_16_0_ym19_1_1513156347974_30689\">1 X 24-70mm Canon Lens f\/2.8<\/div>\n<div id=\"yui_3_16_0_ym19_1_1513156347974_30687\">1 X 70-200mm Canon Lens f\/2.8<\/div>\n<div id=\"yui_3_16_0_ym19_1_1513156347974_30683\">1 X 85mm Canon Prime Lens f\/1.4<\/div>\n","protected":false},"excerpt":{"rendered":"<p>Se\u00f2mraichean Gearraidh Tha gach se\u00f2mar gearraidh air a cheangal ri ch\u00e8ile le Editshare, agus ri inneal Digibeta agus inneal HD aig a bheil comas cl\u00e0raidh. Tha siostam FPA Harding agus Adobe Creative Cloud againn cuideachd. Se\u00f2mar Gearraidh 1 AVID media Composer 8.8 with Boris ContinuumAVX 9.0 Se\u00f2mar Gearraidh 2 AVID media Composer 8.8 with Boris [&hellip;]<\/p>\n","protected":false},"author":1,"featured_media":0,"parent":0,"menu_order":0,"comment_status":"closed","ping_status":"closed","template":"page-layouts.php","meta":{"footnotes":""},"class_list":["post-294","page","type-page","status-publish","hentry"],"_links":{"self":[{"href":"https:\/\/www.mactv.co.uk\/gd\/wp-json\/wp\/v2\/pages\/294","targetHints":{"allow":["GET"]}}],"collection":[{"href":"https:\/\/www.mactv.co.uk\/gd\/wp-json\/wp\/v2\/pages"}],"about":[{"href":"https:\/\/www.mactv.co.uk\/gd\/wp-json\/wp\/v2\/types\/page"}],"author":[{"embeddable":true,"href":"https:\/\/www.mactv.co.uk\/gd\/wp-json\/wp\/v2\/users\/1"}],"replies":[{"embeddable":true,"href":"https:\/\/www.mactv.co.uk\/gd\/wp-json\/wp\/v2\/comments?post=294"}],"version-history":[{"count":13,"href":"https:\/\/www.mactv.co.uk\/gd\/wp-json\/wp\/v2\/pages\/294\/revisions"}],"predecessor-version":[{"id":683,"href":"https:\/\/www.mactv.co.uk\/gd\/wp-json\/wp\/v2\/pages\/294\/revisions\/683"}],"wp:attachment":[{"href":"https:\/\/www.mactv.co.uk\/gd\/wp-json\/wp\/v2\/media?parent=294"}],"curies":[{"name":"wp","href":"https:\/\/api.w.org\/{rel}","templated":true}]}}